{"id":435,"date":"2022-11-28T13:12:43","date_gmt":"2022-11-28T12:12:43","guid":{"rendered":"http:\/\/fdxsound.com\/?page_id=435"},"modified":"2025-01-29T18:53:13","modified_gmt":"2025-01-29T17:53:13","slug":"435-2","status":"publish","type":"page","link":"https:\/\/fdxsound.com\/index.php\/435-2\/","title":{"rendered":""},"content":{"rendered":"\n<div class=\"wp-block-cover\" style=\"min-height:183px\"><span aria-hidden=\"true\" class=\"wp-block-cover__background has-background-dim\"><\/span><img decoding=\"async\" loading=\"lazy\" width=\"1024\" height=\"384\" class=\"wp-block-cover__image-background wp-image-215\" alt=\"\" src=\"http:\/\/fdxsound.com\/wp-content\/uploads\/2021\/03\/light-681196_1920-e1615883469418-1024x384.jpg\" data-object-fit=\"cover\" srcset=\"https:\/\/fdxsound.com\/wp-content\/uploads\/2021\/03\/light-681196_1920-e1615883469418-1024x384.jpg 1024w, https:\/\/fdxsound.com\/wp-content\/uploads\/2021\/03\/light-681196_1920-e1615883469418-300x113.jpg 300w, https:\/\/fdxsound.com\/wp-content\/uploads\/2021\/03\/light-681196_1920-e1615883469418-768x288.jpg 768w, https:\/\/fdxsound.com\/wp-content\/uploads\/2021\/03\/light-681196_1920-e1615883469418-1536x576.jpg 1536w, https:\/\/fdxsound.com\/wp-content\/uploads\/2021\/03\/light-681196_1920-e1615883469418.jpg 1920w\" sizes=\"(max-width: 1024px) 100vw, 1024px\" \/><div class=\"wp-block-cover__inner-container is-layout-flow wp-block-cover-is-layout-flow\">\n<h1 class=\"wp-block-heading has-text-align-center has-white-color has-text-color has-large-font-size\">Podcasts<\/h1>\n<\/div><\/div>\n\n\n\n<div style=\"height:27px\" aria-hidden=\"true\" class=\"wp-block-spacer\"><\/div>\n\n\n\n<h2 class=\"wp-block-heading\">Fiction Sonore : <em>Hissez-Haut!<\/em><\/h2>\n\n\n\n<div class=\"wp-block-columns is-layout-flex wp-container-4 wp-block-columns-is-layout-flex\">\n<div class=\"wp-block-column is-layout-flow wp-block-column-is-layout-flow\">\n<div style=\"height:31px\" aria-hidden=\"true\" class=\"wp-block-spacer\"><\/div>\n\n\n\n<p><em>Hissez-Haut! <\/em>est une fiction radiophonique de 26 \u00e9pisodes disponible sur Apple Podcast, Audible, Spotify, Deezer, Youtube, etc.<\/p>\n\n\n\n<p>Sa troisi\u00e8me saison a \u00e9t\u00e9 financ\u00e9e par ses auditeurs sur Ulule \u00e0 hauteur de 3500 euros.<\/p>\n\n\n\n<p><em><strong>Ecriture, enregistrement, r\u00e9alisation et musique :<\/strong> <\/em><strong>Foucauld Desrousseaux<\/strong><\/p>\n\n\n\n<p><em><strong>Com\u00e9diens : <\/strong><\/em>Jason Grangier, L\u00e9opoldine Serre, Arthis Billon, Vivien Roeltgen, Laurent Guillot, Fabien Ardiri, Alexis Chassagnette, Domitille Leboeuf, Pascal Vogglimacci.<\/p>\n\n\n\n<figure class=\"wp-block-embed is-type-rich is-provider-spotify wp-block-embed-spotify wp-embed-aspect-21-9 wp-has-aspect-ratio\"><div class=\"wp-block-embed__wrapper\">\n<iframe title=\"Spotify Embed: Interpr\u00e8te\" style=\"border-radius: 12px\" width=\"100%\" height=\"152\" frameborder=\"0\" allowfullscreen allow=\"autoplay; clipboard-write; encrypted-media; fullscreen; picture-in-picture\" loading=\"lazy\" src=\"https:\/\/open.spotify.com\/embed\/show\/0O31rVvcIbf3WJsvXwckZk?si=47595bf6658a4de0&#038;utm_source=oembed\"><\/iframe>\n<\/div><\/figure>\n<\/div>\n\n\n\n<div class=\"wp-block-column is-layout-flow wp-block-column-is-layout-flow\">\n<figure class=\"wp-block-image size-large\"><img decoding=\"async\" loading=\"lazy\" width=\"1024\" height=\"1024\" src=\"https:\/\/fdxsound.com\/wp-content\/uploads\/2025\/01\/unnamed-file-1024x1024.jpg\" alt=\"\" class=\"wp-image-1434\" srcset=\"https:\/\/fdxsound.com\/wp-content\/uploads\/2025\/01\/unnamed-file-1024x1024.jpg 1024w, https:\/\/fdxsound.com\/wp-content\/uploads\/2025\/01\/unnamed-file-300x300.jpg 300w, https:\/\/fdxsound.com\/wp-content\/uploads\/2025\/01\/unnamed-file-150x150.jpg 150w, https:\/\/fdxsound.com\/wp-content\/uploads\/2025\/01\/unnamed-file-768x768.jpg 768w, https:\/\/fdxsound.com\/wp-content\/uploads\/2025\/01\/unnamed-file-1536x1536.jpg 1536w, https:\/\/fdxsound.com\/wp-content\/uploads\/2025\/01\/unnamed-file-2048x2048.jpg 2048w\" sizes=\"(max-width: 1024px) 100vw, 1024px\" \/><\/figure>\n<\/div>\n<\/div>\n\n\n\n<h2 class=\"wp-block-heading\">Cha\u00eene YouTube : <em>La M\u00e9loth\u00e8que Fantastique<\/em><\/h2>\n\n\n\n<p><em>La M\u00e9loth\u00e8que Fantastique <\/em>est un projet de cha\u00eene YouTube o\u00f9 je propose des vid\u00e9os face cam\u00e9ra pour parler de divers sujets autour de la musique et du divertissement.<\/p>\n\n\n\n<figure class=\"wp-block-embed is-type-video is-provider-youtube wp-block-embed-youtube wp-embed-aspect-16-9 wp-has-aspect-ratio\"><div class=\"wp-block-embed__wrapper\">\n<iframe loading=\"lazy\" title=\"Bienvenue \u00e0 la M\u00c9LOTH\u00c8QUE FANTASTIQUE !\" width=\"500\" height=\"281\" src=\"https:\/\/www.youtube.com\/embed\/MF1fc67TwDY?feature=oembed\" frameborder=\"0\" allow=\"accelerometer; autoplay; clipboard-write; encrypted-media; gyroscope; picture-in-picture; web-share\" referrerpolicy=\"strict-origin-when-cross-origin\" allowfullscreen><\/iframe>\n<\/div><\/figure>\n\n\n\n<div style=\"height:14px\" aria-hidden=\"true\" class=\"wp-block-spacer\"><\/div>\n\n\n\n<div style=\"height:3px\" aria-hidden=\"true\" class=\"wp-block-spacer\"><\/div>\n\n\n\n<h2 class=\"wp-block-heading\">Reportage natif : <em>Relations Virtuelles<\/em><\/h2>\n\n\n\n<p>Exercice \u00e9tudiant, le podcast &#8220;<em>Relations Virtuelles<\/em>&#8221; explore les univers d&#8217;interaction sociales en ligne, et en particulier la r\u00e9volution du jeu-vid\u00e9o en ligne<\/p>\n\n\n\n<p><strong><em>Ecriture, r\u00e9alisation et musique :<\/em> Foucauld Desrousseaux<\/strong><\/p>\n\n\n\n<p><em><strong>Intervenants :<\/strong><\/em> Olivier Duris, Samuel Guesdon<\/p>\n\n\n\n<p><em><strong>Prise de son, interview : <\/strong><\/em>C\u00f4me Guyot, Hugo Bertrand, Timoth\u00e9e Simonet<\/p>\n\n\n\n<div style=\"height:13px\" aria-hidden=\"true\" class=\"wp-block-spacer\"><\/div>\n\n\n\n<figure class=\"wp-block-audio\"><audio controls src=\"http:\/\/fdxsound.com\/wp-content\/uploads\/2023\/09\/Relations-Virtuelles_1.wav\"><\/audio><\/figure>\n\n\n\n<div style=\"height:60px\" aria-hidden=\"true\" class=\"wp-block-spacer\"><\/div>\n\n\n\n<h2 class=\"wp-block-heading\">Autre<\/h2>\n\n\n\n<p class=\"has-text-align-center\"><strong><em>Vers la Nuit<\/em>, John Hull : extrait du livre lu par Michel Elias <\/strong>&#8211; R\u00e9alisation, Musique<\/p>\n\n\n\n<p class=\"has-text-align-center\"><strong><em>Le G\u00e9nie Grincheux<\/em> : installation interactive<\/strong> &#8211; Ecriture, R\u00e9alisation, Musique<\/p>\n\n\n\n<p class=\"has-text-align-center\"><em><strong>Ouvrez les yeux <\/strong><\/em><strong>: fiction interactive (jeu audio)<\/strong> &#8211; Ecriture, R\u00e9alisation<\/p>\n","protected":false},"excerpt":{"rendered":"<p>Fiction Sonore : Hissez-Haut! Hissez-Haut! est une fiction radiophonique de 26 \u00e9pisodes disponible sur Apple Podcast, Audible, Spotify, Deezer, Youtube, etc. Sa troisi\u00e8me saison a \u00e9t\u00e9 financ\u00e9e par ses auditeurs sur Ulule \u00e0 hauteur de 3500 euros. Ecriture, enregistrement, r\u00e9alisation et musique : Foucauld Desrousseaux Com\u00e9diens : Jason Grangier, L\u00e9opoldine Serre, Arthis Billon, Vivien Roeltgen, [&hellip;]<\/p>\n","protected":false},"author":1,"featured_media":0,"parent":0,"menu_order":0,"comment_status":"closed","ping_status":"closed","template":"","meta":{"footnotes":""},"_links":{"self":[{"href":"https:\/\/fdxsound.com\/index.php\/wp-json\/wp\/v2\/pages\/435"}],"collection":[{"href":"https:\/\/fdxsound.com\/index.php\/wp-json\/wp\/v2\/pages"}],"about":[{"href":"https:\/\/fdxsound.com\/index.php\/wp-json\/wp\/v2\/types\/page"}],"author":[{"embeddable":true,"href":"https:\/\/fdxsound.com\/index.php\/wp-json\/wp\/v2\/users\/1"}],"replies":[{"embeddable":true,"href":"https:\/\/fdxsound.com\/index.php\/wp-json\/wp\/v2\/comments?post=435"}],"version-history":[{"count":20,"href":"https:\/\/fdxsound.com\/index.php\/wp-json\/wp\/v2\/pages\/435\/revisions"}],"predecessor-version":[{"id":1435,"href":"https:\/\/fdxsound.com\/index.php\/wp-json\/wp\/v2\/pages\/435\/revisions\/1435"}],"wp:attachment":[{"href":"https:\/\/fdxsound.com\/index.php\/wp-json\/wp\/v2\/media?parent=435"}],"curies":[{"name":"wp","href":"https:\/\/api.w.org\/{rel}","templated":true}]}}